{"id":12,"date":"2018-02-16T07:24:32","date_gmt":"2018-02-16T07:24:32","guid":{"rendered":"https:\/\/rev01.com\/clients\/jd\/?page_id=12"},"modified":"2023-01-31T13:04:40","modified_gmt":"2023-01-31T21:04:40","slug":"about","status":"publish","type":"page","link":"https:\/\/freedomplazawatts.com\/es\/about\/","title":{"rendered":"Sobre Nosotros"},"content":{"rendered":"<div  data-mk-stretch-content=\"true\" class=\"wpb_row vc_row vc_row-fluid jupiter-donut- mk-fullwidth-false  attched-false     js-master-row  mk-grid\">\n\t\t\t\t\n<div class=\"vc_col-sm-12 wpb_column column_container  jupiter-donut- _ jupiter-donut-height-full\">\n\t\n<div id=\"padding-2\" class=\"mk-padding-divider jupiter-donut-  jupiter-donut-clearfix\"><\/div>\n\n<div class=\"vc_tta-container\" data-vc-action=\"collapse\"><div class=\"vc_general vc_tta vc_tta-tabs vc_tta-color-white vc_tta-style-flat vc_tta-shape-square vc_tta-spacing-1 vc_tta-tabs-position-left vc_tta-controls-align-left\"><div class=\"vc_tta-tabs-container\"><ul class=\"vc_tta-tabs-list\"><li class=\"vc_tta-tab vc_active\" data-vc-tab><a href=\"#about\" data-vc-tabs data-vc-container=\".vc_tta\"><span class=\"vc_tta-title-text\">Acerca de Nosotros<\/span><\/a><\/li><li class=\"vc_tta-tab\" data-vc-tab><a href=\"#Hours\" data-vc-tabs data-vc-container=\".vc_tta\"><span class=\"vc_tta-title-text\">Horario General<\/span><\/a><\/li><li class=\"vc_tta-tab\" data-vc-tab><a href=\"#Parking\" data-vc-tabs data-vc-container=\".vc_tta\"><span class=\"vc_tta-title-text\">Estacionamiento<\/span><\/a><\/li><li class=\"vc_tta-tab\" data-vc-tab><a href=\"#Map\" data-vc-tabs data-vc-container=\".vc_tta\"><span class=\"vc_tta-title-text\">Mapa<\/span><\/a><\/li><li class=\"vc_tta-tab\" data-vc-tab><a href=\"#Wifi\" data-vc-tabs data-vc-container=\".vc_tta\"><span class=\"vc_tta-title-text\">Wifi<\/span><\/a><\/li><\/ul><\/div><div class=\"vc_tta-panels-container\"><div class=\"vc_tta-panels\"><div class=\"vc_tta-panel vc_active\" id=\"about\" data-vc-content=\".vc_tta-panel-body\"><div class=\"vc_tta-panel-heading\"><h4 class=\"vc_tta-panel-title\"><a href=\"#about\" data-vc-accordion data-vc-container=\".vc_tta-container\"><span class=\"vc_tta-title-text\">Acerca de Nosotros<\/span><\/a><\/h4><\/div><div class=\"vc_tta-panel-body\">\n\n<div class=\"wpb_row vc_inner vc_row vc_row-fluid jupiter-donut-   attched-false\">\n\t\t\t<div class=\"wpb_column vc_column_container vc_col-sm-6\"><div class=\"vc_column-inner\"><div class=\"wpb_wrapper\">\n<h2 id=\"fancy-title-3\" class=\"mk-fancy-title  simple-style jupiter-donut-  color-single\">\n\t<span>\n\t\t\t\t<p>crece con nosotros<\/p>\n\t\t\t<\/span>\n<\/h2>\n<div class=\"clearboth\"><\/div>\n\n\n\n\n<h2 id=\"fancy-title-4\" class=\"mk-fancy-title  simple-style jupiter-donut-  color-single\">\n\t<span>\n\t\t\t\t<p>presentando freedom plaza<\/p>\n\t\t\t<\/span>\n<\/h2>\n<div class=\"clearboth\"><\/div>\n\n\n\n\t<div class=\"vc_custom_1675199073612\">\n\n<div id=\"text-block-5\" class=\"mk-text-block  jupiter-donut-\">\n\n\t\n\t<p>Freedom Plaza es un oasis urbano en el coraz\u00f3n de la ciudad. Dise\u00f1ado con principios de construcci\u00f3n ecol\u00f3gica y materiales sostenibles, este centro comercial al aire libre cuenta con una arquitectura contempor\u00e1nea y una fuente de agua interactiva rodeada de restaurantes y espacios comerciales. Freedom Plaza ofrece una ubicaci\u00f3n conveniente y segura para que la comunidad compre, cene y se relaje dentro del vecindario, y mejora el acceso a un estilo de vida saludable con oportunidades de fitness, productos frescos y opciones gastron\u00f3micas accesibles.<\/p>\n\n\t<div class=\"clearboth\"><\/div>\n<\/div>\n\n\t<\/div>\n<\/div><\/div><\/div><div class=\"wpb_column vc_column_container vc_col-sm-6\"><div class=\"vc_column-inner\"><div class=\"wpb_wrapper\">\n\t<div  class=\"wpb_single_image wpb_content_element vc_align_left\">\n\t\t\n\t\t<figure class=\"wpb_wrapper vc_figure\">\n\t\t\t<div class=\"vc_single_image-wrapper   vc_box_border_grey\"><img width=\"800\" height=\"800\" src=\"https:\/\/freedomplazawatts.com\/wp-content\/uploads\/2019\/12\/about-find-your-center-freedom.jpg\" class=\"vc_single_image-img attachment-full\" alt=\"\" loading=\"lazy\" srcset=\"https:\/\/freedomplazawatts.com\/wp-content\/uploads\/2019\/12\/about-find-your-center-freedom.jpg 800w, https:\/\/freedomplazawatts.com\/wp-content\/uploads\/2019\/12\/about-find-your-center-freedom-150x150.jpg 150w, https:\/\/freedomplazawatts.com\/wp-content\/uploads\/2019\/12\/about-find-your-center-freedom-300x300.jpg 300w, https:\/\/freedomplazawatts.com\/wp-content\/uploads\/2019\/12\/about-find-your-center-freedom-768x768.jpg 768w, https:\/\/freedomplazawatts.com\/wp-content\/uploads\/2019\/12\/about-find-your-center-freedom-1024x1024.jpg 1024w\" sizes=\"(max-width: 800px) 100vw, 800px\" itemprop=\"image\" \/><\/div>\n\t\t<\/figure>\n\t<\/div>\n<\/div><\/div><\/div>\t<\/div>\n<\/div><\/div><div class=\"vc_tta-panel\" id=\"Hours\" data-vc-content=\".vc_tta-panel-body\"><div class=\"vc_tta-panel-heading\"><h4 class=\"vc_tta-panel-title\"><a href=\"#Hours\" data-vc-accordion data-vc-container=\".vc_tta-container\"><span class=\"vc_tta-title-text\">Horario General<\/span><\/a><\/h4><\/div><div class=\"vc_tta-panel-body\">\n\n<div class=\"wpb_row vc_inner vc_row vc_row-fluid jupiter-donut-   attched-false\">\n\t\t\t<div class=\"wpb_column vc_column_container vc_col-sm-12\"><div class=\"vc_column-inner\"><div class=\"wpb_wrapper\">\n<h2 id=\"fancy-title-6\" class=\"mk-fancy-title  simple-style jupiter-donut-  color-single\">\n\t<span>\n\t\t\t\t<p>nuestro horario<\/p>\n\t\t\t<\/span>\n<\/h2>\n<div class=\"clearboth\"><\/div>\n\n\n\n\t<div class=\"vc_custom_1599861416348\">\n\n<div id=\"text-block-7\" class=\"mk-text-block  jupiter-donut-\">\n\n\t\n\t<p>El horario de funcionamiento var\u00eda seg\u00fan el inquilino. Por favor, contacte directamente a cada tienda. Horario regular de <strong>lunes a domingo de 7 a.m. a 10 p.m.\u200b<\/strong><\/p>\n\n\t<div class=\"clearboth\"><\/div>\n<\/div>\n\n\t<\/div>\n<\/div><\/div><\/div>\t<\/div>\n<\/div><\/div><div class=\"vc_tta-panel\" id=\"Parking\" data-vc-content=\".vc_tta-panel-body\"><div class=\"vc_tta-panel-heading\"><h4 class=\"vc_tta-panel-title\"><a href=\"#Parking\" data-vc-accordion data-vc-container=\".vc_tta-container\"><span class=\"vc_tta-title-text\">Estacionamiento<\/span><\/a><\/h4><\/div><div class=\"vc_tta-panel-body\">\n\n<div class=\"wpb_row vc_inner vc_row vc_row-fluid jupiter-donut-   attched-false\">\n\t\t\t<div class=\"wpb_column vc_column_container vc_col-sm-12\"><div class=\"vc_column-inner\"><div class=\"wpb_wrapper\">\n<h2 id=\"fancy-title-8\" class=\"mk-fancy-title  simple-style jupiter-donut-  color-single\">\n\t<span>\n\t\t\t\t<p>estacionamiento para visitantes<\/p>\n\t\t\t<\/span>\n<\/h2>\n<div class=\"clearboth\"><\/div>\n\n\n\n\t<div class=\"vc_custom_1599861477479\">\n\n<div id=\"text-block-9\" class=\"mk-text-block  jupiter-donut-\">\n\n\t\n\t<p class=\"gmail-m3297421102135927966msolistparagraph\"><b><span style=\"font-size: 12.0pt;\">9901 S Alameda St<\/span><\/b><\/p>\n<p class=\"gmail-m3297421102135927966msolistparagraph\">El estacionamiento p\u00fablico est\u00e1 disponible en el garaje principal ubicado en 9901 S Alameda St en la esquina de Century Boulevard y Alameda Street.<\/p>\n\n\t<div class=\"clearboth\"><\/div>\n<\/div>\n\n\t<\/div>\n\n<h2 id=\"fancy-title-10\" class=\"mk-fancy-title  simple-style jupiter-donut-  color-single\">\n\t<span>\n\t\t\t\t<p>cargadores para veh\u00edculos el\u00e9ctricos<\/p>\n\t\t\t<\/span>\n<\/h2>\n<div class=\"clearboth\"><\/div>\n\n\n\n\t<div class=\"vc_custom_1599861761276\">\n\n<div id=\"text-block-11\" class=\"mk-text-block  jupiter-donut-\">\n\n\t\n\t<p>Las estaciones de carga para veh\u00edculos el\u00e9ctricos (EV) est\u00e1n convenientemente ubicadas en el estacionamiento cerca de Starbucks. La entrada est\u00e1 en Century Boulevard.\u200b<\/p>\n\n\t<div class=\"clearboth\"><\/div>\n<\/div>\n\n\t<\/div>\n\n<h2 id=\"fancy-title-12\" class=\"mk-fancy-title  simple-style jupiter-donut-  color-single\">\n\t<span>\n\t\t\t\t<p>estacionamiento para bicicletas<\/p>\n\t\t\t<\/span>\n<\/h2>\n<div class=\"clearboth\"><\/div>\n\n\n\n\t<div class=\"vc_custom_1599861788396\">\n\n<div id=\"text-block-13\" class=\"mk-text-block  jupiter-donut-\">\n\n\t\n\t<p>Freedom Plaza ofrece racks para bicicletas.\u200b<\/p>\n\n\t<div class=\"clearboth\"><\/div>\n<\/div>\n\n\t<\/div>\n<\/div><\/div><\/div>\t<\/div>\n<\/div><\/div><div class=\"vc_tta-panel\" id=\"Map\" data-vc-content=\".vc_tta-panel-body\"><div class=\"vc_tta-panel-heading\"><h4 class=\"vc_tta-panel-title\"><a href=\"#Map\" data-vc-accordion data-vc-container=\".vc_tta-container\"><span class=\"vc_tta-title-text\">Mapa<\/span><\/a><\/h4><\/div><div class=\"vc_tta-panel-body\">\n\n<div class=\"wpb_row vc_inner vc_row vc_row-fluid jupiter-donut-   attched-false\">\n\t\t\t<div class=\"wpb_column vc_column_container vc_col-sm-12\"><div class=\"vc_column-inner\"><div class=\"wpb_wrapper\">\n<div id=\"mk-button-14\" class=\"mk-button-container _ jupiter-donut-relative    jupiter-donut-inline-block jupiter-donut-left\">\n\n\t\n\t\t<a href=\"https:\/\/www.google.com\/maps\/place\/9901+S+Alameda+St,+Los+Angeles,+CA+90002\/@33.9466914,-118.2286431,16z\/data=!4m13!1m7!3m6!1s0x80c2cbe073ae6c75:0xe977b5422ac6f1b7!2s9901+S+Alameda+St,+Los+Angeles,+CA+90002!3b1!8m2!3d33.9465399!4d-118.2290455!3m4!1s0x80c2cbe073ae6c75:0xe977b5422ac6f1b7!8m2!3d33.9465399!4d-118.2290455\" target=\"_self\" class=\"mk-button js-smooth-scroll mk-button--dimension-flat mk-button--size-medium mk-button--corner-pointed text-color-light _ jupiter-donut-relative jupiter-donut-text-center jupiter-donut-font-weight-700 jupiter-donut-no-backface  letter-spacing-1 jupiter-donut-inline-block\"><span class=\"mk-button--text\">Ver en Google Maps<\/span><\/a>\n\n\t\n<\/div>\n\t<div class=\"vc_custom_1599861579562\">\n\n<div id=\"text-block-15\" class=\"mk-text-block  jupiter-donut-\">\n\n\t\n\t<p>9901 S. Alameda St.<br \/>\nLos Angeles, CA 90002<\/p>\n\n\t<div class=\"clearboth\"><\/div>\n<\/div>\n\n\t<\/div>\n<div class=\"wpb_gmaps_widget wpb_content_element\"><div class=\"wpb_wrapper\"><div class=\"wpb_map_wraper\"><iframe src=\"https:\/\/www.google.com\/maps\/embed?pb=!1m18!1m12!1m3!1d6619.567361379264!2d-118.22864305046!3d33.94669143198396!2m3!1f0!2f0!3f0!3m2!1i1024!2i768!4f13.1!3m3!1m2!1s0x80c2cbe073ae6c75%3A0xe977b5422ac6f1b7!2s9901%20S%20Alameda%20St%2C%20Los%20Angeles%2C%20CA%2090002!5e0!3m2!1sen!2sus!4v1599861607855!5m2!1sen!2sus\" width=\"600\" height=\"450\" frameborder=\"0\" style=\"border:0;\" allowfullscreen=\"\" aria-hidden=\"false\" tabindex=\"0\"><\/iframe><\/div><\/div><\/div><\/div><\/div><\/div>\t<\/div>\n<\/div><\/div><div class=\"vc_tta-panel\" id=\"Wifi\" data-vc-content=\".vc_tta-panel-body\"><div class=\"vc_tta-panel-heading\"><h4 class=\"vc_tta-panel-title\"><a href=\"#Wifi\" data-vc-accordion data-vc-container=\".vc_tta-container\"><span class=\"vc_tta-title-text\">Wifi<\/span><\/a><\/h4><\/div><div class=\"vc_tta-panel-body\">\n\n<div class=\"wpb_row vc_inner vc_row vc_row-fluid jupiter-donut-   attched-false\">\n\t\t\t<div class=\"wpb_column vc_column_container vc_col-sm-12\"><div class=\"vc_column-inner\"><div class=\"wpb_wrapper\">\t<div class=\"vc_custom_1599861906544\">\n\n<div id=\"text-block-16\" class=\"mk-text-block  jupiter-donut-\">\n\n\t\n\t<p>Se proporciona acceso gratuito a internet en todo Freedom Plaza para visitantes e invitados. Para unirse a la red, complete el proceso de autenticaci\u00f3n iniciando sesi\u00f3n y completando el formulario solicitado.\u200b<\/p>\n<p>Nombre de la Red<br \/>\n<strong>Freedom Plaza Guest WiFi<br \/>\n<\/strong><em>No se requiere contrase\u00f1a\u200b<\/em><\/p>\n\n\t<div class=\"clearboth\"><\/div>\n<\/div>\n\n\t<\/div>\n<\/div><\/div><\/div>\t<\/div>\n<\/div><\/div><\/div><\/div><\/div><\/div>\n<div id=\"padding-17\" class=\"mk-padding-divider jupiter-donut-  jupiter-donut-clearfix\"><\/div>\n\n<\/div>\n\t<\/div>","protected":false},"excerpt":{"rendered":"About UsGeneral HoursParkingMapWifiAbout Us grow with us introducing freedom plaza Freedom Plaza is an urban oasis in the heart of the city. Designed with green building principles and sustainable materials, this open-air retail center features contemporary architecture and an interactive water feature surrounded by restaurants and retail spaces. \u00a0Freedom Plaza offers a convenient and safe [...]","protected":false},"author":1,"featured_media":0,"parent":0,"menu_order":0,"comment_status":"closed","ping_status":"closed","template":"","meta":[],"_links":{"self":[{"href":"https:\/\/freedomplazawatts.com\/es\/wp-json\/wp\/v2\/pages\/12"}],"collection":[{"href":"https:\/\/freedomplazawatts.com\/es\/wp-json\/wp\/v2\/pages"}],"about":[{"href":"https:\/\/freedomplazawatts.com\/es\/wp-json\/wp\/v2\/types\/page"}],"author":[{"embeddable":true,"href":"https:\/\/freedomplazawatts.com\/es\/wp-json\/wp\/v2\/users\/1"}],"replies":[{"embeddable":true,"href":"https:\/\/freedomplazawatts.com\/es\/wp-json\/wp\/v2\/comments?post=12"}],"version-history":[{"count":24,"href":"https:\/\/freedomplazawatts.com\/es\/wp-json\/wp\/v2\/pages\/12\/revisions"}],"predecessor-version":[{"id":1260,"href":"https:\/\/freedomplazawatts.com\/es\/wp-json\/wp\/v2\/pages\/12\/revisions\/1260"}],"wp:attachment":[{"href":"https:\/\/freedomplazawatts.com\/es\/wp-json\/wp\/v2\/media?parent=12"}],"curies":[{"name":"wp","href":"https:\/\/api.w.org\/{rel}","templated":true}]}}